{"id":963,"date":"2022-03-16T11:25:27","date_gmt":"2022-03-16T10:25:27","guid":{"rendered":"https:\/\/www.flohmarktboro.de\/?page_id=963"},"modified":"2022-04-12T07:56:27","modified_gmt":"2022-04-12T05:56:27","slug":"besucherinnen","status":"publish","type":"page","link":"https:\/\/www.flohmarktboro.de\/index.php\/besucherinnen\/","title":{"rendered":"Infos f\u00fcr Besucher*innen"},"content":{"rendered":"\n<h2 class=\"has-text-align-center wp-block-heading\">Bitte gehen Sie zu Fu\u00df, nutzen Sie das Fahrrad oder \u00f6ffentliche Verkehrsmittel, um die Hofflohm\u00e4rkte zu besuchen.<\/h2>\n\n\n\n<p class=\"has-text-align-center\"><a href=\"https:\/\/www.vrn.de\/\">Hier finden Sie Bahn- und Busverbindungen.<\/a><br><br>Sie tragen etwas zum Klimaschutz bei und schonen Natur und Mensch!<\/p>\n\n\n\n<figure class=\"wp-block-image\"><img decoding=\"async\" src=\"https:\/\/www.flohmarktboro.de\/wp-content\/uploads\/2021\/06\/money-549161_1920-1024x683.jpg\" alt=\"Dieses Bild hat ein leeres Alt-Attribut. Der Dateiname ist money-549161_1920-1024x683.jpg\"\/><\/figure>\n","protected":false},"excerpt":{"rendered":"<p>Bitte gehen Sie zu Fu\u00df, nutzen Sie das Fahrrad oder \u00f6ffentliche Verkehrsmittel, um die Hofflohm\u00e4rkte zu besuchen. Hier finden Sie Bahn- und Busverbindungen. Sie tragen etwas zum Klimaschutz bei und schonen Natur und Mensch!<\/p>\n","protected":false},"author":1,"featured_media":0,"parent":0,"menu_order":0,"comment_status":"closed","ping_status":"closed","template":"","meta":{"footnotes":""},"class_list":["post-963","page","type-page","status-publish","hentry"],"_links":{"self":[{"href":"https:\/\/www.flohmarktboro.de\/index.php\/wp-json\/wp\/v2\/pages\/963","targetHints":{"allow":["GET"]}}],"collection":[{"href":"https:\/\/www.flohmarktboro.de\/index.php\/wp-json\/wp\/v2\/pages"}],"about":[{"href":"https:\/\/www.flohmarktboro.de\/index.php\/wp-json\/wp\/v2\/types\/page"}],"author":[{"embeddable":true,"href":"https:\/\/www.flohmarktboro.de\/index.php\/wp-json\/wp\/v2\/users\/1"}],"replies":[{"embeddable":true,"href":"https:\/\/www.flohmarktboro.de\/index.php\/wp-json\/wp\/v2\/comments?post=963"}],"version-history":[{"count":7,"href":"https:\/\/www.flohmarktboro.de\/index.php\/wp-json\/wp\/v2\/pages\/963\/revisions"}],"predecessor-version":[{"id":1317,"href":"https:\/\/www.flohmarktboro.de\/index.php\/wp-json\/wp\/v2\/pages\/963\/revisions\/1317"}],"wp:attachment":[{"href":"https:\/\/www.flohmarktboro.de\/index.php\/wp-json\/wp\/v2\/media?parent=963"}],"curies":[{"name":"wp","href":"https:\/\/api.w.org\/{rel}","templated":true}]}}