{"id":2,"date":"2025-09-19T12:47:00","date_gmt":"2025-09-19T10:47:00","guid":{"rendered":"https:\/\/test.flohmarktboro.de\/?page_id=2"},"modified":"2026-03-19T11:53:57","modified_gmt":"2026-03-19T10:53:57","slug":"anmeldung","status":"publish","type":"page","link":"https:\/\/www.flohmarktboro.de\/index.php\/anmeldung\/","title":{"rendered":"Anmeldung f\u00fcr den Hofflohmarkt                                am 30.05.2026  OT ROXHEIM 9-16 Uhr"},"content":{"rendered":"\n<p><\/p>\n\n\n\n<div class=\"wp-block-group\"><div class=\"wp-block-group__inner-container is-layout-constrained wp-block-group-is-layout-constrained\">\n<div class=\"wp-block-group\"><div class=\"wp-block-group__inner-container is-layout-constrained wp-block-group-is-layout-constrained\">\n<div class=\"wp-block-columns are-vertically-aligned-center is-layout-flex wp-container-core-columns-is-layout-1 wp-block-columns-is-layout-flex\">\n<div class=\"wp-block-column is-layout-flow wp-block-column-is-layout-flow\"><\/div>\n\n\n\n<div class=\"wp-block-column is-layout-flow wp-block-column-is-layout-flow\"><\/div>\n<\/div>\n<\/div><\/div>\n<\/div><\/div>\n\n\n<div class=\"wp-block-image\">\n<figure class=\"aligncenter size-full\"><img loading=\"lazy\" decoding=\"async\" width=\"692\" height=\"1018\" src=\"https:\/\/www.flohmarktboro.de\/wp-content\/uploads\/2026\/03\/HFM-26.png\" alt=\"\" class=\"wp-image-1807\" srcset=\"https:\/\/www.flohmarktboro.de\/wp-content\/uploads\/2026\/03\/HFM-26.png 692w, https:\/\/www.flohmarktboro.de\/wp-content\/uploads\/2026\/03\/HFM-26-204x300.png 204w\" sizes=\"auto, (max-width: 692px) 100vw, 692px\" \/><\/figure><\/div>\n\n\n<div class=\"wp-block-columns is-layout-flex wp-container-core-columns-is-layout-2 wp-block-columns-is-layout-flex\">\n<div class=\"wp-block-column is-layout-flow wp-block-column-is-layout-flow\" style=\"flex-basis:100%\">\n<p class=\"has-large-font-size\"><\/p>\n<\/div>\n<\/div>\n\n\n\n<h3 class=\"wp-block-heading has-text-align-center\" id=\"anmeldedaten-bitte-hier-eingeben\">Anmeldedaten bitte hier unten eingeben<\/h3>\n\n\n\n<p>Hinweise: <br>Bitte nehmen Sie sich Zeit, um das Formular auszuf\u00fcllen. Achten Sie insbesondere auf die Schreibweise Ihrer Stra\u00dfe, ansonsten kann der Pin in der Karte m\u00f6glicherweise nicht gesetzt werden. Bitte auch nur<strong> eine <\/strong>Stra\u00dfe angeben, n\u00e4mlich die der Postadresse. <\/p>\n\n\n\n<p>Wir ben\u00f6tigen alle Daten, die mit &#8222;*&#8220; gekennzeichnet sind.<\/p>\n\n\n\n<p>Im Feld &#8222;Wir verkaufen schwerpunktm\u00e4\u00dfig&#8220;,  k\u00f6nnen Sie freien Text eingeben oder es leer lassen. Diese Information taucht sp\u00e4ter in der Liste auf der Seite <a href=\"https:\/\/www.flohmarktboro.de\/index.php\/hofplan\">Hofplan<\/a> auf. <br>Wenn Sie unter Besonderheiten &#8222;mehrere St\u00e4nde&#8220; ausw\u00e4hlen, wird Ihr Pin auf der -Karte mit einem &#8222;+&#8220;  dargestellt, und es wird in der Liste vermerkt.<\/p>\n\n\n\n<p><strong>Wenn Sie noch nicht sicher sind, was Sie in die Felder eingeben m\u00f6chten, warten Sie lieber mit der Anmeldung.<\/strong><\/p>\n\n\n\n<p><br>Wenn Ihr Hof auf der gedruckten Karte erscheine soll, f\u00fcllen Sie das Formular bitte bis 22.05.2026 aus. Sp\u00e4tere Anmeldungen erscheinen aber trotzdem noch auf der Online-Karte und der Online-Liste!<\/p>\n\n\n\n<p>Gedruckte Hofpl\u00e4ne erhalten Sie kostenlos ab dem 25.05.2026 an der Information des Globus Bobenheim-Roxheim.<\/p>\n\n\n\n<p>Wenn Sie das Hofflohmarkt-Team unterst\u00fctzen m\u00f6chten, k\u00f6nnen Sie gerne \u00fcber PayPal spenden. Der Button befindet sich ganz unten. <\/p>\n\n\n\n<p>Die maximale Anzahl der teilnehmenden H\u00f6fe betr\u00e4gt 250 !<\/p>\n\n\n\n<p>Der Hofplan wird einmal w\u00f6chentlich aktualisiert.<\/p>\n\n\n\n<p>Sollten Sie oder Ihre Angeh\u00f6rigen keine M\u00f6glichkeit haben sich online f\u00fcr die Hofflohm\u00e4rkte anzumelden, nutzen Sie einfach unseren eingerichteten Anrufbeantworter und geben Sie die Nummer gerne weiter.<\/p>\n\n\n\n<p class=\"has-text-align-center\">Die Nummer lautet:  <strong>06239 \/ 999 15 77<\/strong><\/p>\n\n\n\n<p>Unser gemeinsames Erkennungszeichen sind Luftballons und selbst geschriebene Schilder mit der Aufschrift \u201eHofflohmarkt\u201c. Bitte erst einen Tag vorher oder am Tag der Hofflohm\u00e4rkte aufstellen bzw. aufh\u00e4ngen.<\/p>\n\n\n\n<p class=\"has-text-align-center\">Vielen Dank f\u00fcr deine Teilnahme ! <\/p>\n\n\n\n<div class=\"wp-block-contact-form-7-contact-form-selector\">\n<div class=\"wpcf7 no-js\" id=\"wpcf7-f935-o1\" lang=\"de-DE\" dir=\"ltr\" data-wpcf7-id=\"935\">\n<div class=\"screen-reader-response\"><p role=\"status\" aria-live=\"polite\" aria-atomic=\"true\"><\/p> <ul><\/ul><\/div>\n<form action=\"\/index.php\/wp-json\/wp\/v2\/pages\/2#wpcf7-f935-o1\" method=\"post\" class=\"wpcf7-form init\" aria-label=\"Kontaktformular\" novalidate=\"novalidate\" data-status=\"init\">\n<fieldset class=\"hidden-fields-container\"><input type=\"hidden\" name=\"_wpcf7\" value=\"935\" \/><input type=\"hidden\" name=\"_wpcf7_version\" value=\"6.1.5\" \/><input type=\"hidden\" name=\"_wpcf7_locale\" value=\"de_DE_formal\" \/><input type=\"hidden\" name=\"_wpcf7_unit_tag\" value=\"wpcf7-f935-o1\" \/><input type=\"hidden\" name=\"_wpcf7_container_post\" value=\"0\" \/><input type=\"hidden\" name=\"_wpcf7_posted_data_hash\" value=\"\" \/>\n<\/fieldset>\n<p><label> Name*<br \/>\n<span class=\"wpcf7-form-control-wrap\" data-name=\"nachvorname\"><input size=\"40\" maxlength=\"400\" class=\"wpcf7-form-control wpcf7-text wpcf7-validates-as-required\" aria-required=\"true\" aria-invalid=\"false\" value=\"\" type=\"text\" name=\"nachvorname\" \/><\/span> <\/label>\n<\/p>\n<p><label> Stra\u00dfe und Hausnummer (in Bobenheim-Roxheim, Bitte nur die Postanschrift)*<br \/>\n<span class=\"wpcf7-form-control-wrap\" data-name=\"strasse\"><input size=\"40\" maxlength=\"400\" class=\"wpcf7-form-control wpcf7-text wpcf7-validates-as-required\" aria-required=\"true\" aria-invalid=\"false\" value=\"\" type=\"text\" name=\"strasse\" \/><\/span> <\/label>\n<\/p>\n<p><label> Email Adresse*<br \/>\n<span class=\"wpcf7-form-control-wrap\" data-name=\"email\"><input size=\"40\" maxlength=\"400\" class=\"wpcf7-form-control wpcf7-email wpcf7-validates-as-required wpcf7-text wpcf7-validates-as-email\" aria-required=\"true\" aria-invalid=\"false\" value=\"\" type=\"email\" name=\"email\" \/><\/span> <\/label>\n<\/p>\n<p><label> Email Adresse wiederholen*<br \/>\n<span class=\"wpcf7-form-control-wrap\" data-name=\"email-confirm\"><input size=\"40\" maxlength=\"400\" class=\"wpcf7-form-control wpcf7-email wpcf7-validates-as-required wpcf7-text wpcf7-validates-as-email\" aria-required=\"true\" aria-invalid=\"false\" value=\"\" type=\"email\" name=\"email-confirm\" \/><\/span> <\/label>\n<\/p>\n<p><label> Telefonnummer<br \/>\n<span class=\"wpcf7-form-control-wrap\" data-name=\"telefon\"><input size=\"40\" maxlength=\"400\" class=\"wpcf7-form-control wpcf7-tel wpcf7-text wpcf7-validates-as-tel\" aria-invalid=\"false\" value=\"\" type=\"tel\" name=\"telefon\" \/><\/span> <\/label>\n<\/p>\n<p><label> Wir verkaufen schwerpunktm\u00e4\u00dfig<br \/>\n<span class=\"wpcf7-form-control-wrap\" data-name=\"schwerpunkt\"><input size=\"40\" maxlength=\"400\" class=\"wpcf7-form-control wpcf7-text\" aria-invalid=\"false\" value=\"\" type=\"text\" name=\"schwerpunkt\" \/><\/span> <\/label>\n<\/p>\n<p><input class=\"wpcf7-form-control wpcf7-submit has-spinner\" type=\"submit\" value=\"Jetzt anmelden\" \/>\n<\/p><div class=\"wpcf7-response-output\" aria-hidden=\"true\"><\/div>\n<\/form>\n<\/div>\n<\/div>\n\n\n\n<div class=\"wp-block-group\"><div class=\"wp-block-group__inner-container is-layout-flow wp-block-group-is-layout-flow\">\n<div class=\"wp-block-group alignwide\"><div class=\"wp-block-group__inner-container is-layout-flow wp-block-group-is-layout-flow\">\n<div class=\"wp-block-group alignfull\"><div class=\"wp-block-group__inner-container is-layout-flow wp-block-group-is-layout-flow\"><form action=\"https:\/\/www.paypal.com\/donate\" method=\"post\" target=\"_top\">\n<input type=\"hidden\" name=\"hosted_button_id\" value=\"7ASTNM7QA8CLW\"><br \/>\n<input type=\"image\" src=\"https:\/\/www.paypalobjects.com\/de_DE\/DE\/i\/btn\/btn_donateCC_LG.gif\" name=\"submit\" title=\"PayPal - The safer, easier way to pay online!\" alt=\"Spenden mit dem PayPal-Button\" border=\"0\"><br \/>\n<img loading=\"lazy\" decoding=\"async\" alt=\"\" src=\"https:\/\/www.paypal.com\/de_DE\/i\/scr\/pixel.gif\" width=\"1\" height=\"1\" border=\"0\"><br \/>\n<\/form>\n<\/div><\/div>\n<\/div><\/div>\n<\/div><\/div>\n\n\n\n<h5 class=\"wp-block-heading\"><br><\/h5>\n","protected":false},"excerpt":{"rendered":"<p>Anmeldedaten bitte hier unten eingeben Hinweise: Bitte nehmen Sie sich Zeit, um das Formular auszuf\u00fcllen. Achten Sie insbesondere auf die Schreibweise Ihrer Stra\u00dfe, ansonsten kann der Pin in der Karte m\u00f6glicherweise nicht gesetzt werden. Bitte auch nur eine Stra\u00dfe angeben, n\u00e4mlich die der Postadresse. Wir ben\u00f6tigen alle Daten, die mit &#8222;*&#8220; gekennzeichnet sind. Im Feld &#8222;Wir verkaufen schwerpunktm\u00e4\u00dfig&#8220;, k\u00f6nnen Sie freien Text eingeben oder es leer lassen. Diese Information taucht sp\u00e4ter in der Liste auf der Seite Hofplan auf. Wenn Sie unter Besonderheiten &#8222;mehrere St\u00e4nde&#8220; ausw\u00e4hlen, wird Ihr Pin auf der -Karte mit einem &#8222;+&#8220; dargestellt, und es wird in der Liste vermerkt. Wenn Sie noch nicht sicher sind, was Sie in die Felder eingeben m\u00f6chten, warten Sie lieber mit der Anmeldung. Wenn Ihr Hof auf der gedruckten Karte erscheine soll, f\u00fcllen Sie das Formular bitte bis 22.05.2026 aus. Sp\u00e4tere Anmeldungen erscheinen aber trotzdem noch auf der Online-Karte und der Online-Liste! Gedruckte Hofpl\u00e4ne erhalten Sie kostenlos ab dem 25.05.2026 an der Information des Globus Bobenheim-Roxheim. Wenn Sie das Hofflohmarkt-Team unterst\u00fctzen m\u00f6chten, k\u00f6nnen Sie gerne \u00fcber PayPal spenden. Der Button befindet sich ganz unten. Die maximale Anzahl der teilnehmenden H\u00f6fe betr\u00e4gt 250 ! Der Hofplan wird einmal w\u00f6chentlich aktualisiert. Sollten Sie oder Ihre Angeh\u00f6rigen keine M\u00f6glichkeit haben sich online f\u00fcr die Hofflohm\u00e4rkte anzumelden, nutzen Sie einfach unseren eingerichteten Anrufbeantworter und geben Sie die Nummer gerne weiter. Die Nummer lautet: 06239 \/ 999 15 77 Unser gemeinsames Erkennungszeichen sind Luftballons und selbst geschriebene Schilder mit der Aufschrift \u201eHofflohmarkt\u201c. Bitte erst einen Tag vorher oder am Tag der Hofflohm\u00e4rkte aufstellen bzw. aufh\u00e4ngen. Vielen Dank f\u00fcr deine Teilnahme !<\/p>\n","protected":false},"author":1,"featured_media":0,"parent":0,"menu_order":0,"comment_status":"closed","ping_status":"closed","template":"","meta":{"footnotes":""},"class_list":["post-2","page","type-page","status-publish","hentry"],"_links":{"self":[{"href":"https:\/\/www.flohmarktboro.de\/index.php\/wp-json\/wp\/v2\/pages\/2","targetHints":{"allow":["GET"]}}],"collection":[{"href":"https:\/\/www.flohmarktboro.de\/index.php\/wp-json\/wp\/v2\/pages"}],"about":[{"href":"https:\/\/www.flohmarktboro.de\/index.php\/wp-json\/wp\/v2\/types\/page"}],"author":[{"embeddable":true,"href":"https:\/\/www.flohmarktboro.de\/index.php\/wp-json\/wp\/v2\/users\/1"}],"replies":[{"embeddable":true,"href":"https:\/\/www.flohmarktboro.de\/index.php\/wp-json\/wp\/v2\/comments?post=2"}],"version-history":[{"count":146,"href":"https:\/\/www.flohmarktboro.de\/index.php\/wp-json\/wp\/v2\/pages\/2\/revisions"}],"predecessor-version":[{"id":1817,"href":"https:\/\/www.flohmarktboro.de\/index.php\/wp-json\/wp\/v2\/pages\/2\/revisions\/1817"}],"wp:attachment":[{"href":"https:\/\/www.flohmarktboro.de\/index.php\/wp-json\/wp\/v2\/media?parent=2"}],"curies":[{"name":"wp","href":"https:\/\/api.w.org\/{rel}","templated":true}]}}