{"id":104,"date":"2020-03-14T15:57:04","date_gmt":"2020-03-14T14:57:04","guid":{"rendered":"https:\/\/test.flohmarktboro.de\/?page_id=104"},"modified":"2024-02-23T09:20:43","modified_gmt":"2024-02-23T08:20:43","slug":"fragen","status":"publish","type":"page","link":"https:\/\/www.flohmarktboro.de\/index.php\/fragen\/","title":{"rendered":"H\u00e4ufige Fragen"},"content":{"rendered":"\n<figure class=\"wp-block-image alignwide size-large\"><img loading=\"lazy\" decoding=\"async\" width=\"1024\" height=\"250\" src=\"https:\/\/test.flohmarktboro.de\/wp-content\/uploads\/2020\/03\/schild-e1584201105171-1024x250.jpg\" alt=\"\" class=\"wp-image-110\" srcset=\"https:\/\/www.flohmarktboro.de\/wp-content\/uploads\/2020\/03\/schild-e1584201105171-1024x250.jpg 1024w, https:\/\/www.flohmarktboro.de\/wp-content\/uploads\/2020\/03\/schild-e1584201105171-300x73.jpg 300w, https:\/\/www.flohmarktboro.de\/wp-content\/uploads\/2020\/03\/schild-e1584201105171-768x188.jpg 768w, https:\/\/www.flohmarktboro.de\/wp-content\/uploads\/2020\/03\/schild-e1584201105171.jpg 1199w\" sizes=\"auto, (max-width: 1024px) 100vw, 1024px\" \/><\/figure>\n\n\n\n<h3 class=\"wp-block-heading\" id=\"haufig-gestellte-fragen\"> H\u00e4ufig gestellte Fragen <\/h3>\n\n\n\n<p><strong>Ich habe keine private Fl\u00e4che wo ich verkaufen kann. Kann ich trotzdem mitmachen?<\/strong><\/p>\n\n\n\n<p>Auf dem <a href=\"https:\/\/www.flohmarktboro.de\/index.php\/hofplan\">Hofplan<\/a> k\u00f6nnen Sie einsehen, wo verkauft wird, und k\u00f6nnen Ihren Nachbar*innen direkt ansprechen.<\/p>\n\n\n\n<p>Umgekehert d\u00fcrfen Freund*innen oder Bekannte auf Ihrem Hof mitmachen, auch wenn diese nicht in Bobenheim-Roxheim wohnen.<br>_______________________________________________________ <\/p>\n\n\n\n<p><strong>Wie erfahre ich, wer sich schon alles angemeldet hat?<\/strong><br><br>Auf der Seite <a href=\"https:\/\/www.flohmarktboro.de\/index.php\/hofplan\">Hofplan<\/a> finden Sie eine Karte mit allen H\u00f6fen und eine Liste mit allen Teilnehmenden und was diese anbieten.<\/p>\n\n\n\n<p> _______________________________________________________  <\/p>\n\n\n\n<p><strong>Ich wohne zur Miete, kann ich trotzdem mitmachen?<\/strong><\/p>\n\n\n\n<p>Ja, wenn die Hausverwaltung bzw. der\/die Hauseigent\u00fcmer*in das erlaubt. Einen Musterbrief finden Sie <a href=\"https:\/\/www.flohmarktboro.de\/wp-content\/uploads\/2024\/02\/Vorlage_Anschreiben_Hausverwaltung_Hofflohmarkt-2024.docx\">hier<\/a>.<\/p>\n\n\n\n<p>_______________________________________________________   <\/p>\n\n\n\n<p><strong>Entstehen bei den Hofflohm\u00e4rkten Kosten f\u00fcr mich?<\/strong><br><br>Nein, die Teilnahme an den Hofflohm\u00e4rkten ist kostenlos. Wir freuen uns aber nat\u00fcrlich \u00fcber Spenden. Am Einfachsten geht das \u00fcber den PayPal-Button unter <a href=\"https:\/\/www.paypal.com\/donate?token=OrmQNABa-e2bupXMFrxzaDpGojpX0t914sqYxHLfGxo1HlA33_6cfBuSpCW-svvnXiK2TNNZhJjE7MX1\">Spenden<\/a>.<\/p>\n\n\n\n<p>_______________________________________________________   <\/p>\n\n\n\n<p><strong>Wer tr\u00e4gt die Kosten f\u00fcr Webseite, Plakate, Flyer und Hofplan?<\/strong><br><br>Das Organisationsteam arbeitet ehrenamtlich und bezahlt alle entstehenden  Kosten, z.B. f\u00fcr die Webseite und den Druck der Materialien aus eigener Tasche und von Spenden \/ Sponsoring. <\/p>\n\n\n\n<p>_______________________________________________________    <\/p>\n\n\n\n<p><strong>Gibt es den Hofplan auch gedruckt?<\/strong><\/p>\n\n\n\n<p>Ja, ca. einer Woche vorher k\u00f6nnen Sie kostenlos an der Information des Globus Bobenheim-Roxheim einen gedruckten Hofplan mit Liste (DIN&nbsp;A&nbsp;3) abholen.<\/p>\n\n\n\n<p> _______________________________________________________<\/p>\n\n\n\n<p><strong>Kann ich als Gesch\u00e4ftsinhaber*in Sponsoring machen?<\/strong><br><br>Als Gesch\u00e4ftsinhaber*in k\u00f6nnen Sie auf der Homepage gegen einen geringen Betrag eine Verlinkung zu Ihrer Webseite bekommen. Bitte nehmen Sie Kontakt zu uns auf unter: <a href=\"mailto:orgahofflohmarktboro@web.de\">orgahofflohmarktboro@web.de<\/a><br>_______________________________________________________     <\/p>\n\n\n\n<p><strong>Kann ich als Privatperson spenden?<\/strong><br><br>Sie k\u00f6nnen auch als Privatperson spenden. Unter <a href=\"https:\/\/www.paypal.com\/donate?token=OrmQNABa-e2bupXMFrxzaDpGojpX0t914sqYxHLfGxo1HlA33_6cfBuSpCW-svvnXiK2TNNZhJjE7MX1\">Spenden<\/a> sehen Sie einen PayPal-Button.<\/p>\n\n\n\n<p>Bitte beachten Sie das wir als ehrenamtliche Organisation keine Spendenquittung ausstellen k\u00f6nnen !<br>_______________________________________________________      <\/p>\n\n\n\n<p><\/p>\n","protected":false},"excerpt":{"rendered":"<p>H\u00e4ufig gestellte Fragen Ich habe keine private Fl\u00e4che wo ich verkaufen kann. Kann ich trotzdem mitmachen? Auf dem Hofplan k\u00f6nnen Sie einsehen, wo verkauft wird, und k\u00f6nnen Ihren Nachbar*innen direkt ansprechen. Umgekehert d\u00fcrfen Freund*innen oder Bekannte auf Ihrem Hof mitmachen, auch wenn diese nicht in Bobenheim-Roxheim wohnen._______________________________________________________ Wie erfahre ich, wer sich schon alles angemeldet hat? Auf der Seite Hofplan finden Sie eine Karte mit allen H\u00f6fen und eine Liste mit allen Teilnehmenden und was diese anbieten. _______________________________________________________ Ich wohne zur Miete, kann ich trotzdem mitmachen? Ja, wenn die Hausverwaltung bzw. der\/die Hauseigent\u00fcmer*in das erlaubt. Einen Musterbrief finden Sie hier. _______________________________________________________ Entstehen bei den Hofflohm\u00e4rkten Kosten f\u00fcr mich? Nein, die Teilnahme an den Hofflohm\u00e4rkten ist kostenlos. Wir freuen uns aber nat\u00fcrlich \u00fcber Spenden. Am Einfachsten geht das \u00fcber den PayPal-Button unter Spenden. _______________________________________________________ Wer tr\u00e4gt die Kosten f\u00fcr Webseite, Plakate, Flyer und Hofplan? Das Organisationsteam arbeitet ehrenamtlich und bezahlt alle entstehenden Kosten, z.B. f\u00fcr die Webseite und den Druck der Materialien aus eigener Tasche und von Spenden \/ Sponsoring. _______________________________________________________ Gibt es den Hofplan auch gedruckt? Ja, ca. einer Woche vorher k\u00f6nnen Sie kostenlos an der Information des Globus Bobenheim-Roxheim einen gedruckten Hofplan mit Liste (DIN&nbsp;A&nbsp;3) abholen. _______________________________________________________ Kann ich als Gesch\u00e4ftsinhaber*in Sponsoring machen? Als Gesch\u00e4ftsinhaber*in k\u00f6nnen Sie auf der Homepage gegen einen geringen Betrag eine Verlinkung zu Ihrer Webseite bekommen. Bitte nehmen Sie Kontakt zu uns auf unter: orgahofflohmarktboro@web.de_______________________________________________________ Kann ich als Privatperson spenden? Sie k\u00f6nnen auch als Privatperson spenden. Unter Spenden sehen Sie einen PayPal-Button. Bitte beachten Sie das wir als ehrenamtliche Organisation keine Spendenquittung ausstellen k\u00f6nnen !_______________________________________________________<\/p>\n","protected":false},"author":1,"featured_media":0,"parent":0,"menu_order":0,"comment_status":"closed","ping_status":"closed","template":"","meta":{"footnotes":""},"class_list":["post-104","page","type-page","status-publish","hentry"],"_links":{"self":[{"href":"https:\/\/www.flohmarktboro.de\/index.php\/wp-json\/wp\/v2\/pages\/104","targetHints":{"allow":["GET"]}}],"collection":[{"href":"https:\/\/www.flohmarktboro.de\/index.php\/wp-json\/wp\/v2\/pages"}],"about":[{"href":"https:\/\/www.flohmarktboro.de\/index.php\/wp-json\/wp\/v2\/types\/page"}],"author":[{"embeddable":true,"href":"https:\/\/www.flohmarktboro.de\/index.php\/wp-json\/wp\/v2\/users\/1"}],"replies":[{"embeddable":true,"href":"https:\/\/www.flohmarktboro.de\/index.php\/wp-json\/wp\/v2\/comments?post=104"}],"version-history":[{"count":39,"href":"https:\/\/www.flohmarktboro.de\/index.php\/wp-json\/wp\/v2\/pages\/104\/revisions"}],"predecessor-version":[{"id":1536,"href":"https:\/\/www.flohmarktboro.de\/index.php\/wp-json\/wp\/v2\/pages\/104\/revisions\/1536"}],"wp:attachment":[{"href":"https:\/\/www.flohmarktboro.de\/index.php\/wp-json\/wp\/v2\/media?parent=104"}],"curies":[{"name":"wp","href":"https:\/\/api.w.org\/{rel}","templated":true}]}}